{"id":1330,"date":"2025-10-15T21:12:40","date_gmt":"2025-10-15T19:12:40","guid":{"rendered":"https:\/\/tarracoec.com\/canal-de-denuncies\/"},"modified":"2026-02-02T10:23:56","modified_gmt":"2026-02-02T09:23:56","slug":"canal-de-denuncies","status":"publish","type":"page","link":"https:\/\/tarracoec.com\/ca\/canal-de-denuncies\/","title":{"rendered":"Canal de den\u00fancies"},"content":{"rendered":"\t\t<div data-elementor-type=\"wp-page\" data-elementor-id=\"1330\" class=\"elementor elementor-1330 elementor-929\" data-elementor-post-type=\"page\">\n\t\t\t\t<div class=\"elementor-element elementor-element-12fbf67 e-flex e-con-boxed elementor-invisible e-con e-parent\" data-id=\"12fbf67\" data-element_type=\"container\" data-e-type=\"container\" data-settings=\"{&quot;jet_parallax_layout_list&quot;:[],&quot;animation&quot;:&quot;slideInUp&quot;,&quot;background_background&quot;:&quot;classic&quot;}\">\n\t\t\t\t\t<div class=\"e-con-inner\">\n\t\t<div class=\"elementor-element elementor-element-42e6a90 e-con-full e-flex e-con e-child\" data-id=\"42e6a90\" data-element_type=\"container\" data-e-type=\"container\" data-settings=\"{&quot;jet_parallax_layout_list&quot;:[]}\">\n\t\t\t\t<div class=\"elementor-element elementor-element-d5438ab elementor-widget elementor-widget-heading\" data-id=\"d5438ab\" data-element_type=\"widget\" data-e-type=\"widget\" data-widget_type=\"heading.default\">\n\t\t\t\t\t<h2 class=\"elementor-heading-title elementor-size-default\">Sistema intern d'informaci\u00f3:<\/h2>\t\t\t\t<\/div>\n\t\t\t\t<\/div>\n\t\t<div class=\"elementor-element elementor-element-9219178 e-con-full e-flex e-con e-child\" data-id=\"9219178\" data-element_type=\"container\" data-e-type=\"container\" data-settings=\"{&quot;jet_parallax_layout_list&quot;:[]}\">\n\t\t\t\t<\/div>\n\t\t\t\t\t<\/div>\n\t\t\t\t<\/div>\n\t\t<div class=\"elementor-element elementor-element-e8f1593 e-flex e-con-boxed elementor-invisible e-con e-parent\" data-id=\"e8f1593\" data-element_type=\"container\" data-e-type=\"container\" data-settings=\"{&quot;jet_parallax_layout_list&quot;:[],&quot;animation&quot;:&quot;slideInUp&quot;}\">\n\t\t\t\t\t<div class=\"e-con-inner\">\n\t\t<div class=\"elementor-element elementor-element-b220ee4 e-con-full e-flex e-con e-child\" data-id=\"b220ee4\" data-element_type=\"container\" data-e-type=\"container\" data-settings=\"{&quot;jet_parallax_layout_list&quot;:[]}\">\n\t\t\t\t<\/div>\n\t\t<div class=\"elementor-element elementor-element-4805458 e-con-full e-flex e-con e-child\" data-id=\"4805458\" data-element_type=\"container\" data-e-type=\"container\" data-settings=\"{&quot;jet_parallax_layout_list&quot;:[]}\">\n\t\t\t\t<div class=\"elementor-element elementor-element-7fae287 elementor-widget elementor-widget-text-editor\" data-id=\"7fae287\" data-element_type=\"widget\" data-e-type=\"widget\" data-widget_type=\"text-editor.default\">\n\t\t\t\t\t\t\t\t\t<div class=\"framer-2kju3a\"><div class=\"framer-nlt3wv\" data-framer-name=\"Vestibulum tempus imperdiet sem ac porttitor. Vivamus pulvinar commodo orci, suscipit porttitor velit elementum non. Fusce nec pellentesque erat, id lobortis nunc. Donec dui leo, ultrices quis turpis nec, sollicitudin sodales tortor.\u2028 Aenean dapibus magna quam, id tincidunt quam placerat consequat. Nulla eu laoreet ex. Vestibulum nec vulputate turpis, id euismod orci. Phasellus consectetur. Vestibulum tempus imperdiet sem ac porttitor. Vivamus pulvinar commodo orci, suscipit porttitor velit elementum non. Fusce nec pellentesque erat, id lobortis nunc. Donec dui leo, ultrices quis turpis nec, sollicitudin sodales tortor.\" data-framer-component-type=\"RichTextContainer\"><p class=\"framer-text framer-styles-preset-1aa6azs\" data-styles-preset=\"V8HrLbnS4\"><strong class=\"framer-text\">TARRACO<\/strong> disposa d&#8217;un Sistema Intern d&#8217;Informaci\u00f3 que permet denunciar en el context laboral o professional de <strong class=\"framer-text\">TARRACO<\/strong>, sota la protecci\u00f3 de la llei, qualsevol irregularitat que pugui constituir una infracci\u00f3 penal o administrativa greu o molt greu.<\/p><p class=\"framer-text framer-styles-preset-1aa6azs\" data-styles-preset=\"V8HrLbnS4\"><strong class=\"framer-text\">Podran utilitzar aquest canal les seg\u00fcents persones:<\/strong><\/p><ul class=\"framer-text framer-styles-preset-1aa6azs\" data-styles-preset=\"V8HrLbnS4\"><li class=\"framer-text\"><p class=\"framer-text\">Els empleats i accionistes.<\/p><\/li><li class=\"framer-text\"><p class=\"framer-text\">Els aut\u00f2noms.<\/p><\/li><li class=\"framer-text\"><p class=\"framer-text\">Qualsevol persona que treballi per o sota la supervisi\u00f3 i direcci\u00f3 de contractistes, subcontractistes i prove\u00efdors.<\/p><\/li><li class=\"framer-text\"><p class=\"framer-text\">Aquelles que comuniquin informaci\u00f3 sobre infraccions obtinguda en el marc d&#8217;una relaci\u00f3 laboral o estatut\u00e0ria ja finalitzada.<\/p><\/li><li class=\"framer-text\"><p class=\"framer-text\">Voluntaris, becaris i treballadors en per\u00edodes de formaci\u00f3.<\/p><\/li><li class=\"framer-text\"><p class=\"framer-text\">Aquelles persones la relaci\u00f3 laboral de les quals encara no hagi comen\u00e7at en els casos en qu\u00e8 la informaci\u00f3 sobre infraccions hagi estat obtinguda durant el proc\u00e9s de selecci\u00f3.<\/p><\/li><\/ul><\/div><\/div>\t\t\t\t\t\t\t\t<\/div>\n\t\t\t\t<div class=\"elementor-element elementor-element-bbc9422 elementor-button-align-stretch elementor-widget elementor-widget-form\" data-id=\"bbc9422\" data-element_type=\"widget\" data-e-type=\"widget\" data-settings=\"{&quot;step_next_label&quot;:&quot;Seg\\u00fcent&quot;,&quot;step_previous_label&quot;:&quot;Anterior&quot;,&quot;button_width&quot;:&quot;100&quot;,&quot;step_type&quot;:&quot;number_text&quot;,&quot;step_icon_shape&quot;:&quot;circle&quot;}\" data-widget_type=\"form.default\">\n\t\t\t\t\t\t\t<form class=\"elementor-form\" method=\"post\" name=\"formulariocanal\" aria-label=\"formulariocanal\">\n\t\t\t<input type=\"hidden\" name=\"post_id\" value=\"1330\"\/>\n\t\t\t<input type=\"hidden\" name=\"form_id\" value=\"bbc9422\"\/>\n\t\t\t<input type=\"hidden\" name=\"referer_title\" value=\"Canal de den\u00fancies\" \/>\n\n\t\t\t\t\t\t\t<input type=\"hidden\" name=\"queried_id\" value=\"1330\"\/>\n\t\t\t\n\t\t\t<div class=\"elementor-form-fields-wrapper elementor-labels-above\">\n\t\t\t\t\t\t\t\t<div class=\"elementor-field-type-text elementor-field-group elementor-column elementor-field-group-name elementor-col-100\">\n\t\t\t\t\t\t\t\t\t\t\t\t<label for=\"form-field-name\" class=\"elementor-field-label\">\n\t\t\t\t\t\t\t\tNom i cognoms\t\t\t\t\t\t\t<\/label>\n\t\t\t\t\t\t\t\t\t\t\t\t\t\t<input size=\"1\" type=\"text\" name=\"form_fields[name]\" id=\"form-field-name\" class=\"elementor-field elementor-size-sm  elementor-field-textual\" placeholder=\"Nom i cognoms\">\n\t\t\t\t\t\t\t\t\t\t\t<\/div>\n\t\t\t\t\t\t\t\t<div class=\"elementor-field-type-email elementor-field-group elementor-column elementor-field-group-email elementor-col-100\">\n\t\t\t\t\t\t\t\t\t\t\t\t<label for=\"form-field-email\" class=\"elementor-field-label\">\n\t\t\t\t\t\t\t\tCorreu electr\u00f2nic\t\t\t\t\t\t\t<\/label>\n\t\t\t\t\t\t\t\t\t\t\t\t\t\t<input size=\"1\" type=\"email\" name=\"form_fields[email]\" id=\"form-field-email\" class=\"elementor-field elementor-size-sm  elementor-field-textual\" placeholder=\"Correu electr\u00f2nic\">\n\t\t\t\t\t\t\t\t\t\t\t<\/div>\n\t\t\t\t\t\t\t\t<div class=\"elementor-field-type-textarea elementor-field-group elementor-column elementor-field-group-message elementor-col-100 elementor-field-required elementor-mark-required\">\n\t\t\t\t\t\t\t\t\t\t\t\t<label for=\"form-field-message\" class=\"elementor-field-label\">\n\t\t\t\t\t\t\t\tMissatge\t\t\t\t\t\t\t<\/label>\n\t\t\t\t\t\t<textarea class=\"elementor-field-textual elementor-field  elementor-size-sm\" name=\"form_fields[message]\" id=\"form-field-message\" rows=\"4\" placeholder=\"Missatge\" required=\"required\"><\/textarea>\t\t\t\t<\/div>\n\t\t\t\t\t\t\t\t<div class=\"elementor-field-type-upload elementor-field-group elementor-column elementor-field-group-field_a03e1cf elementor-col-100\">\n\t\t\t\t\t\t\t\t\t\t\t\t<label for=\"form-field-field_a03e1cf\" class=\"elementor-field-label\">\n\t\t\t\t\t\t\t\tPujar document gr\u00e0fic\t\t\t\t\t\t\t<\/label>\n\t\t\t\t\t\t\t\t<input type=\"file\" name=\"form_fields[field_a03e1cf]\" id=\"form-field-field_a03e1cf\" class=\"elementor-field elementor-size-sm  elementor-upload-field\">\n\n\t\t\t\t\t\t<\/div>\n\t\t\t\t\t\t\t\t<div class=\"elementor-field-type-recaptcha_v3 elementor-field-group elementor-column elementor-field-group-field_52905c9 elementor-col-100 recaptcha_v3-inline\">\n\t\t\t\t\t<div class=\"elementor-field\" id=\"form-field-field_52905c9\"><div class=\"elementor-g-recaptcha\" data-sitekey=\"6Lf_cScsAAAAAKFhCf2sm9brDssDMwHbZ7PHxLfG\" data-type=\"v3\" data-action=\"Form\" data-badge=\"inline\" data-size=\"invisible\"><\/div><\/div>\t\t\t\t<\/div>\n\t\t\t\t\t\t\t\t<div class=\"elementor-field-type-acceptance elementor-field-group elementor-column elementor-field-group-field_42dba79 elementor-col-100 elementor-field-required elementor-mark-required\">\n\t\t\t\t\t\t\t<div class=\"elementor-field-subgroup\">\n\t\t\t<span class=\"elementor-field-option\">\n\t\t\t\t<input type=\"checkbox\" name=\"form_fields[field_42dba79]\" id=\"form-field-field_42dba79\" class=\"elementor-field elementor-size-sm  elementor-acceptance-field\" required=\"required\">\n\t\t\t\t<label for=\"form-field-field_42dba79\">He llegit i accepto la pol\u00edtica de <a href=\"https:\/\/tarracoec.com\/ca\/politica-de-privacitat\/\">privadesa<\/a> <\/label>\t\t\t<\/span>\n\t\t<\/div>\n\t\t\t\t\t\t<\/div>\n\t\t\t\t\t\t\t\t<div class=\"elementor-field-group elementor-column elementor-field-type-submit elementor-col-100 e-form__buttons\">\n\t\t\t\t\t<button class=\"elementor-button elementor-size-sm\" type=\"submit\">\n\t\t\t\t\t\t<span class=\"elementor-button-content-wrapper\">\n\t\t\t\t\t\t\t\t\t\t\t\t\t\t\t\t\t\t\t\t\t\t<span class=\"elementor-button-text\">Enviar<\/span>\n\t\t\t\t\t\t\t\t\t\t\t\t\t<\/span>\n\t\t\t\t\t<\/button>\n\t\t\t\t<\/div>\n\t\t\t<\/div>\n\t\t<\/form>\n\t\t\t\t\t\t<\/div>\n\t\t\t\t<\/div>\n\t\t\t\t\t<\/div>\n\t\t\t\t<\/div>\n\t\t\t\t<\/div>\n\t\t","protected":false},"excerpt":{"rendered":"<p>Sistema intern d&#8217;informaci\u00f3: TARRACO disposa d&#8217;un Sistema Intern d&#8217;Informaci\u00f3 que permet denunciar en el context laboral o professional de TARRACO, sota la protecci\u00f3 de la llei, qualsevol irregularitat que pugui constituir una infracci\u00f3 penal o administrativa greu o molt greu. Podran utilitzar aquest canal les seg\u00fcents persones: Els empleats i accionistes. Els aut\u00f2noms. Qualsevol persona &#8230; <a title=\"Canal de den\u00fancies\" class=\"read-more\" href=\"https:\/\/tarracoec.com\/ca\/canal-de-denuncies\/\" aria-label=\"M\u00e9s informaci\u00f3 sobre Canal de den\u00fancies\">Llegiu m\u00e9s<\/a><\/p>\n","protected":false},"author":2,"featured_media":0,"parent":0,"menu_order":0,"comment_status":"closed","ping_status":"closed","template":"","meta":{"footnotes":""},"class_list":["post-1330","page","type-page","status-publish"],"_links":{"self":[{"href":"https:\/\/tarracoec.com\/ca\/wp-json\/wp\/v2\/pages\/1330","targetHints":{"allow":["GET"]}}],"collection":[{"href":"https:\/\/tarracoec.com\/ca\/wp-json\/wp\/v2\/pages"}],"about":[{"href":"https:\/\/tarracoec.com\/ca\/wp-json\/wp\/v2\/types\/page"}],"author":[{"embeddable":true,"href":"https:\/\/tarracoec.com\/ca\/wp-json\/wp\/v2\/users\/2"}],"replies":[{"embeddable":true,"href":"https:\/\/tarracoec.com\/ca\/wp-json\/wp\/v2\/comments?post=1330"}],"version-history":[{"count":6,"href":"https:\/\/tarracoec.com\/ca\/wp-json\/wp\/v2\/pages\/1330\/revisions"}],"predecessor-version":[{"id":2906,"href":"https:\/\/tarracoec.com\/ca\/wp-json\/wp\/v2\/pages\/1330\/revisions\/2906"}],"wp:attachment":[{"href":"https:\/\/tarracoec.com\/ca\/wp-json\/wp\/v2\/media?parent=1330"}],"curies":[{"name":"wp","href":"https:\/\/api.w.org\/{rel}","templated":true}]}}