{"id":1338,"date":"2025-10-06T22:30:45","date_gmt":"2025-10-06T20:30:45","guid":{"rendered":"https:\/\/tarracoec.com\/negocis\/sanitari\/"},"modified":"2025-12-03T23:05:50","modified_gmt":"2025-12-03T22:05:50","slug":"sanitari","status":"publish","type":"page","link":"https:\/\/tarracoec.com\/ca\/negocis\/sanitari\/","title":{"rendered":"Sanitari"},"content":{"rendered":"\t\t<div data-elementor-type=\"wp-page\" data-elementor-id=\"1338\" class=\"elementor elementor-1338 elementor-541\" data-elementor-post-type=\"page\">\n\t\t\t\t<div class=\"elementor-element elementor-element-12fbf67 e-flex e-con-boxed e-con e-parent\" data-id=\"12fbf67\" data-element_type=\"container\" data-e-type=\"container\" data-settings=\"{&quot;jet_parallax_layout_list&quot;:[],&quot;background_background&quot;:&quot;classic&quot;}\">\n\t\t\t\t\t<div class=\"e-con-inner\">\n\t\t<div class=\"elementor-element elementor-element-42e6a90 e-con-full e-flex e-con e-child\" data-id=\"42e6a90\" data-element_type=\"container\" data-e-type=\"container\" data-settings=\"{&quot;jet_parallax_layout_list&quot;:[]}\">\n\t\t\t\t<div class=\"elementor-element elementor-element-d5438ab elementor-widget elementor-widget-heading\" data-id=\"d5438ab\" data-element_type=\"widget\" data-e-type=\"widget\" data-widget_type=\"heading.default\">\n\t\t\t\t\t<h2 class=\"elementor-heading-title elementor-size-default\">Sanitari<\/h2>\t\t\t\t<\/div>\n\t\t\t\t<\/div>\n\t\t<div class=\"elementor-element elementor-element-9219178 e-con-full e-flex e-con e-child\" data-id=\"9219178\" data-element_type=\"container\" data-e-type=\"container\" data-settings=\"{&quot;jet_parallax_layout_list&quot;:[]}\">\n\t\t\t\t<\/div>\n\t\t\t\t\t<\/div>\n\t\t\t\t<\/div>\n\t\t<div class=\"elementor-element elementor-element-e8f1593 e-flex e-con-boxed e-con e-parent\" data-id=\"e8f1593\" data-element_type=\"container\" data-e-type=\"container\" data-settings=\"{&quot;jet_parallax_layout_list&quot;:[]}\">\n\t\t\t\t\t<div class=\"e-con-inner\">\n\t\t<div class=\"elementor-element elementor-element-b220ee4 e-con-full e-flex e-con e-child\" data-id=\"b220ee4\" data-element_type=\"container\" data-e-type=\"container\" data-settings=\"{&quot;jet_parallax_layout_list&quot;:[]}\">\n\t\t\t\t<\/div>\n\t\t<div class=\"elementor-element elementor-element-4805458 e-con-full e-flex e-con e-child\" data-id=\"4805458\" data-element_type=\"container\" data-e-type=\"container\" data-settings=\"{&quot;jet_parallax_layout_list&quot;:[]}\">\n\t\t\t\t<div class=\"elementor-element elementor-element-7fae287 elementor-widget elementor-widget-text-editor\" data-id=\"7fae287\" data-element_type=\"widget\" data-e-type=\"widget\" data-widget_type=\"text-editor.default\">\n\t\t\t\t\t\t\t\t\t<p><strong>Construccions sanit\u00e0ries segures i eficients.<\/strong><\/p><p>A Tarraco, constru\u00efm hospitals, cl\u00edniques i centres de salut seguint estrictes est\u00e0ndards de qualitat.<\/p><p>Els nostres projectes garanteixen la durabilitat, seguretat i compliment de normatives espec\u00edfiques, proporcionant infraestructures sanit\u00e0ries que perduren.<\/p>\t\t\t\t\t\t\t\t<\/div>\n\t\t\t\t<\/div>\n\t\t\t\t\t<\/div>\n\t\t\t\t<\/div>\n\t\t<div class=\"elementor-element elementor-element-0e84728 e-flex e-con-boxed e-con e-parent\" data-id=\"0e84728\" data-element_type=\"container\" data-e-type=\"container\" data-settings=\"{&quot;jet_parallax_layout_list&quot;:[]}\">\n\t\t\t\t\t<div class=\"e-con-inner\">\n\t\t<div class=\"elementor-element elementor-element-ccaeadb e-con-full e-flex elementor-invisible e-con e-child\" data-id=\"ccaeadb\" data-element_type=\"container\" data-e-type=\"container\" data-settings=\"{&quot;jet_parallax_layout_list&quot;:[],&quot;animation&quot;:&quot;slideInLeft&quot;}\">\n\t\t\t\t<\/div>\n\t\t<div class=\"elementor-element elementor-element-dedaa83 e-con-full e-flex e-con e-child\" data-id=\"dedaa83\" data-element_type=\"container\" data-e-type=\"container\" data-settings=\"{&quot;jet_parallax_layout_list&quot;:[]}\">\n\t\t\t\t<\/div>\n\t\t\t\t\t<\/div>\n\t\t\t\t<\/div>\n\t\t\t\t<\/div>\n\t\t","protected":false},"excerpt":{"rendered":"<p>Sanitari Construccions sanit\u00e0ries segures i eficients. A Tarraco, constru\u00efm hospitals, cl\u00edniques i centres de salut seguint estrictes est\u00e0ndards de qualitat. Els nostres projectes garanteixen la durabilitat, seguretat i compliment de normatives espec\u00edfiques, proporcionant infraestructures sanit\u00e0ries que perduren.<\/p>\n","protected":false},"author":2,"featured_media":0,"parent":1332,"menu_order":0,"comment_status":"closed","ping_status":"closed","template":"","meta":{"footnotes":""},"class_list":["post-1338","page","type-page","status-publish"],"_links":{"self":[{"href":"https:\/\/tarracoec.com\/ca\/wp-json\/wp\/v2\/pages\/1338","targetHints":{"allow":["GET"]}}],"collection":[{"href":"https:\/\/tarracoec.com\/ca\/wp-json\/wp\/v2\/pages"}],"about":[{"href":"https:\/\/tarracoec.com\/ca\/wp-json\/wp\/v2\/types\/page"}],"author":[{"embeddable":true,"href":"https:\/\/tarracoec.com\/ca\/wp-json\/wp\/v2\/users\/2"}],"replies":[{"embeddable":true,"href":"https:\/\/tarracoec.com\/ca\/wp-json\/wp\/v2\/comments?post=1338"}],"version-history":[{"count":4,"href":"https:\/\/tarracoec.com\/ca\/wp-json\/wp\/v2\/pages\/1338\/revisions"}],"predecessor-version":[{"id":2287,"href":"https:\/\/tarracoec.com\/ca\/wp-json\/wp\/v2\/pages\/1338\/revisions\/2287"}],"up":[{"embeddable":true,"href":"https:\/\/tarracoec.com\/ca\/wp-json\/wp\/v2\/pages\/1332"}],"wp:attachment":[{"href":"https:\/\/tarracoec.com\/ca\/wp-json\/wp\/v2\/media?parent=1338"}],"curies":[{"name":"wp","href":"https:\/\/api.w.org\/{rel}","templated":true}]}}