{"id":1347,"date":"2025-10-06T22:29:44","date_gmt":"2025-10-06T20:29:44","guid":{"rendered":"https:\/\/tarracoec.com\/negocis\/oficines\/"},"modified":"2025-12-03T23:00:07","modified_gmt":"2025-12-03T22:00:07","slug":"oficines","status":"publish","type":"page","link":"https:\/\/tarracoec.com\/ca\/negocis\/oficines\/","title":{"rendered":"Oficines"},"content":{"rendered":"\t\t<div data-elementor-type=\"wp-page\" data-elementor-id=\"1347\" class=\"elementor elementor-1347 elementor-535\" data-elementor-post-type=\"page\">\n\t\t\t\t<div class=\"elementor-element elementor-element-12fbf67 e-flex e-con-boxed e-con e-parent\" data-id=\"12fbf67\" data-element_type=\"container\" data-e-type=\"container\" data-settings=\"{&quot;jet_parallax_layout_list&quot;:[],&quot;background_background&quot;:&quot;classic&quot;}\">\n\t\t\t\t\t<div class=\"e-con-inner\">\n\t\t<div class=\"elementor-element elementor-element-42e6a90 e-con-full e-flex e-con e-child\" data-id=\"42e6a90\" data-element_type=\"container\" data-e-type=\"container\" data-settings=\"{&quot;jet_parallax_layout_list&quot;:[]}\">\n\t\t\t\t<div class=\"elementor-element elementor-element-d5438ab elementor-widget elementor-widget-heading\" data-id=\"d5438ab\" data-element_type=\"widget\" data-e-type=\"widget\" data-widget_type=\"heading.default\">\n\t\t\t\t\t<h2 class=\"elementor-heading-title elementor-size-default\">Oficines<\/h2>\t\t\t\t<\/div>\n\t\t\t\t<\/div>\n\t\t<div class=\"elementor-element elementor-element-9219178 e-con-full e-flex e-con e-child\" data-id=\"9219178\" data-element_type=\"container\" data-e-type=\"container\" data-settings=\"{&quot;jet_parallax_layout_list&quot;:[]}\">\n\t\t\t\t<\/div>\n\t\t\t\t\t<\/div>\n\t\t\t\t<\/div>\n\t\t<div class=\"elementor-element elementor-element-e8f1593 e-flex e-con-boxed e-con e-parent\" data-id=\"e8f1593\" data-element_type=\"container\" data-e-type=\"container\" data-settings=\"{&quot;jet_parallax_layout_list&quot;:[]}\">\n\t\t\t\t\t<div class=\"e-con-inner\">\n\t\t<div class=\"elementor-element elementor-element-b220ee4 e-con-full e-flex e-con e-child\" data-id=\"b220ee4\" data-element_type=\"container\" data-e-type=\"container\" data-settings=\"{&quot;jet_parallax_layout_list&quot;:[]}\">\n\t\t\t\t<\/div>\n\t\t<div class=\"elementor-element elementor-element-4805458 e-con-full e-flex e-con e-child\" data-id=\"4805458\" data-element_type=\"container\" data-e-type=\"container\" data-settings=\"{&quot;jet_parallax_layout_list&quot;:[]}\">\n\t\t\t\t<div class=\"elementor-element elementor-element-7fae287 elementor-widget elementor-widget-text-editor\" data-id=\"7fae287\" data-element_type=\"widget\" data-e-type=\"widget\" data-widget_type=\"text-editor.default\">\n\t\t\t\t\t\t\t\t\t<p><strong>Disseny, efici\u00e8ncia i funcionalitat a mida<br><\/strong><\/p><p>Col\u00b7laborem estretament amb arquitectes i dissenyadors per construir oficines que combinen efici\u00e8ncia, qualitat i funcionalitat.<br><br>Ens enfoquem a crear espais de treball moderns i sostenibles, amb especial atenci\u00f3 a la precisi\u00f3 i el detall. Cada projecte est\u00e0 dissenyat per maximitzar la productivitat i el confort, assegurant entorns de treball \u00f2ptims que compleixen amb els est\u00e0ndards m\u00e9s alts.<\/p>\t\t\t\t\t\t\t\t<\/div>\n\t\t\t\t<\/div>\n\t\t\t\t\t<\/div>\n\t\t\t\t<\/div>\n\t\t<div class=\"elementor-element elementor-element-0e84728 e-flex e-con-boxed e-con e-parent\" data-id=\"0e84728\" data-element_type=\"container\" data-e-type=\"container\" data-settings=\"{&quot;jet_parallax_layout_list&quot;:[]}\">\n\t\t\t\t\t<div class=\"e-con-inner\">\n\t\t<div class=\"elementor-element elementor-element-ccaeadb e-con-full e-flex elementor-invisible e-con e-child\" data-id=\"ccaeadb\" data-element_type=\"container\" data-e-type=\"container\" data-settings=\"{&quot;jet_parallax_layout_list&quot;:[],&quot;animation&quot;:&quot;slideInLeft&quot;}\">\n\t\t\t\t<\/div>\n\t\t<div class=\"elementor-element elementor-element-dedaa83 e-con-full e-flex e-con e-child\" data-id=\"dedaa83\" data-element_type=\"container\" data-e-type=\"container\" data-settings=\"{&quot;jet_parallax_layout_list&quot;:[]}\">\n\t\t\t\t<\/div>\n\t\t\t\t\t<\/div>\n\t\t\t\t<\/div>\n\t\t\t\t<\/div>\n\t\t","protected":false},"excerpt":{"rendered":"<p>Oficines Disseny, efici\u00e8ncia i funcionalitat a mida Col\u00b7laborem estretament amb arquitectes i dissenyadors per construir oficines que combinen efici\u00e8ncia, qualitat i funcionalitat. Ens enfoquem a crear espais de treball moderns i sostenibles, amb especial atenci\u00f3 a la precisi\u00f3 i el detall. Cada projecte est\u00e0 dissenyat per maximitzar la productivitat i el confort, assegurant entorns de &#8230; <a title=\"Oficines\" class=\"read-more\" href=\"https:\/\/tarracoec.com\/ca\/negocis\/oficines\/\" aria-label=\"M\u00e9s informaci\u00f3 sobre Oficines\">Llegiu m\u00e9s<\/a><\/p>\n","protected":false},"author":2,"featured_media":0,"parent":1332,"menu_order":0,"comment_status":"closed","ping_status":"closed","template":"","meta":{"footnotes":""},"class_list":["post-1347","page","type-page","status-publish"],"_links":{"self":[{"href":"https:\/\/tarracoec.com\/ca\/wp-json\/wp\/v2\/pages\/1347","targetHints":{"allow":["GET"]}}],"collection":[{"href":"https:\/\/tarracoec.com\/ca\/wp-json\/wp\/v2\/pages"}],"about":[{"href":"https:\/\/tarracoec.com\/ca\/wp-json\/wp\/v2\/types\/page"}],"author":[{"embeddable":true,"href":"https:\/\/tarracoec.com\/ca\/wp-json\/wp\/v2\/users\/2"}],"replies":[{"embeddable":true,"href":"https:\/\/tarracoec.com\/ca\/wp-json\/wp\/v2\/comments?post=1347"}],"version-history":[{"count":7,"href":"https:\/\/tarracoec.com\/ca\/wp-json\/wp\/v2\/pages\/1347\/revisions"}],"predecessor-version":[{"id":2274,"href":"https:\/\/tarracoec.com\/ca\/wp-json\/wp\/v2\/pages\/1347\/revisions\/2274"}],"up":[{"embeddable":true,"href":"https:\/\/tarracoec.com\/ca\/wp-json\/wp\/v2\/pages\/1332"}],"wp:attachment":[{"href":"https:\/\/tarracoec.com\/ca\/wp-json\/wp\/v2\/media?parent=1347"}],"curies":[{"name":"wp","href":"https:\/\/api.w.org\/{rel}","templated":true}]}}