{"id":1382,"date":"2025-09-18T21:34:03","date_gmt":"2025-09-18T19:34:03","guid":{"rendered":"https:\/\/tarracoec.com\/persones\/"},"modified":"2025-11-17T19:47:55","modified_gmt":"2025-11-17T18:47:55","slug":"persones","status":"publish","type":"page","link":"https:\/\/tarracoec.com\/ca\/persones\/","title":{"rendered":"Persones"},"content":{"rendered":"\t\t<div data-elementor-type=\"wp-page\" data-elementor-id=\"1382\" class=\"elementor elementor-1382 elementor-346\" data-elementor-post-type=\"page\">\n\t\t\t\t<div class=\"elementor-element elementor-element-12fbf67 e-flex e-con-boxed elementor-invisible e-con e-parent\" data-id=\"12fbf67\" data-element_type=\"container\" data-e-type=\"container\" data-settings=\"{&quot;jet_parallax_layout_list&quot;:[],&quot;animation&quot;:&quot;slideInUp&quot;,&quot;background_background&quot;:&quot;classic&quot;}\">\n\t\t\t\t\t<div class=\"e-con-inner\">\n\t\t<div class=\"elementor-element elementor-element-42e6a90 e-con-full e-flex e-con e-child\" data-id=\"42e6a90\" data-element_type=\"container\" data-e-type=\"container\" data-settings=\"{&quot;jet_parallax_layout_list&quot;:[]}\">\n\t\t\t\t<div class=\"elementor-element elementor-element-d5438ab elementor-widget elementor-widget-heading\" data-id=\"d5438ab\" data-element_type=\"widget\" data-e-type=\"widget\" data-widget_type=\"heading.default\">\n\t\t\t\t\t<h2 class=\"elementor-heading-title elementor-size-default\">El valor de la nostra empresa resideix en les <span style=\"color: #FF852E\">persones <\/span>que ho fan possible<\/h2>\t\t\t\t<\/div>\n\t\t\t\t<\/div>\n\t\t<div class=\"elementor-element elementor-element-9219178 e-con-full e-flex e-con e-child\" data-id=\"9219178\" data-element_type=\"container\" data-e-type=\"container\" data-settings=\"{&quot;jet_parallax_layout_list&quot;:[]}\">\n\t\t\t\t<\/div>\n\t\t\t\t\t<\/div>\n\t\t\t\t<\/div>\n\t\t<div class=\"elementor-element elementor-element-e8f1593 e-flex e-con-boxed elementor-invisible e-con e-parent\" data-id=\"e8f1593\" data-element_type=\"container\" data-e-type=\"container\" data-settings=\"{&quot;jet_parallax_layout_list&quot;:[],&quot;animation&quot;:&quot;slideInUp&quot;}\">\n\t\t\t\t\t<div class=\"e-con-inner\">\n\t\t<div class=\"elementor-element elementor-element-b220ee4 e-con-full e-flex e-con e-child\" data-id=\"b220ee4\" data-element_type=\"container\" data-e-type=\"container\" data-settings=\"{&quot;jet_parallax_layout_list&quot;:[]}\">\n\t\t\t\t<\/div>\n\t\t<div class=\"elementor-element elementor-element-4805458 e-con-full e-flex e-con e-child\" data-id=\"4805458\" data-element_type=\"container\" data-e-type=\"container\" data-settings=\"{&quot;jet_parallax_layout_list&quot;:[]}\">\n\t\t\t\t<div class=\"elementor-element elementor-element-7fae287 elementor-widget elementor-widget-text-editor\" data-id=\"7fae287\" data-element_type=\"widget\" data-e-type=\"widget\" data-widget_type=\"text-editor.default\">\n\t\t\t\t\t\t\t\t\t<p>El reconeixement de Tarraco al sector reflecteix el talent i el comprom\u00eds de les persones que formen part de Tarraco.<\/p><p>El nostre equip est\u00e0 format per professionals amb una \u00e0mplia experi\u00e8ncia i un fort comprom\u00eds amb els projectes que realitzem.<\/p><p>Cada membre del nostre equip \u00e9s un element clau que garanteix el bon funcionament de la nostra organitzaci\u00f3.<\/p><p>Fomentem un entorn de treball col\u00b7laboratiu, din\u00e0mic i innovador que permeti el desenvolupament tant personal com professional.<\/p>\t\t\t\t\t\t\t\t<\/div>\n\t\t\t\t<\/div>\n\t\t\t\t\t<\/div>\n\t\t\t\t<\/div>\n\t\t<div class=\"elementor-element elementor-element-0e84728 e-flex e-con-boxed e-con e-parent\" data-id=\"0e84728\" data-element_type=\"container\" data-e-type=\"container\" data-settings=\"{&quot;jet_parallax_layout_list&quot;:[]}\">\n\t\t\t\t\t<div class=\"e-con-inner\">\n\t\t<div class=\"elementor-element elementor-element-ccaeadb e-con-full e-flex elementor-invisible e-con e-child\" data-id=\"ccaeadb\" data-element_type=\"container\" data-e-type=\"container\" data-settings=\"{&quot;jet_parallax_layout_list&quot;:[],&quot;animation&quot;:&quot;slideInLeft&quot;}\">\n\t\t\t\t<\/div>\n\t\t<div class=\"elementor-element elementor-element-dedaa83 e-con-full e-flex e-con e-child\" data-id=\"dedaa83\" data-element_type=\"container\" data-e-type=\"container\" data-settings=\"{&quot;jet_parallax_layout_list&quot;:[]}\">\n\t\t\t\t<div class=\"elementor-element elementor-element-259c120 elementor-widget elementor-widget-image\" data-id=\"259c120\" data-element_type=\"widget\" data-e-type=\"widget\" data-widget_type=\"image.default\">\n\t\t\t\t\t\t\t\t\t\t\t\t\t\t\t<img fetchpriority=\"high\" decoding=\"async\" width=\"1024\" height=\"684\" src=\"https:\/\/tarracoec.com\/wp-content\/uploads\/2025\/09\/Personas.avif\" class=\"attachment-full size-full wp-image-1366\" alt=\"Persones\" srcset=\"https:\/\/tarracoec.com\/wp-content\/uploads\/2025\/09\/Personas.avif 1024w, https:\/\/tarracoec.com\/wp-content\/uploads\/2025\/09\/Personas-300x200.avif 300w, https:\/\/tarracoec.com\/wp-content\/uploads\/2025\/09\/Personas-768x513.avif 768w\" sizes=\"(max-width: 1024px) 100vw, 1024px\" \/>\t\t\t\t\t\t\t\t\t\t\t\t\t\t\t<\/div>\n\t\t\t\t<\/div>\n\t\t\t\t\t<\/div>\n\t\t\t\t<\/div>\n\t\t<div class=\"elementor-element elementor-element-bd2bb1a e-flex e-con-boxed e-con e-parent\" data-id=\"bd2bb1a\" data-element_type=\"container\" data-e-type=\"container\" data-settings=\"{&quot;jet_parallax_layout_list&quot;:[]}\">\n\t\t\t\t\t<div class=\"e-con-inner\">\n\t\t<div class=\"elementor-element elementor-element-c8574d7 e-con-full e-flex elementor-invisible e-con e-child\" data-id=\"c8574d7\" data-element_type=\"container\" data-e-type=\"container\" data-settings=\"{&quot;jet_parallax_layout_list&quot;:[],&quot;animation&quot;:&quot;slideInLeft&quot;}\">\n\t\t\t\t<\/div>\n\t\t<div class=\"elementor-element elementor-element-98b6a4a e-con-full e-flex e-con e-child\" data-id=\"98b6a4a\" data-element_type=\"container\" data-e-type=\"container\" data-settings=\"{&quot;jet_parallax_layout_list&quot;:[],&quot;background_background&quot;:&quot;classic&quot;}\">\n\t\t\t\t<div class=\"elementor-element elementor-element-b5c8ffd elementor-align-center elementor-widget elementor-widget-button\" data-id=\"b5c8ffd\" data-element_type=\"widget\" data-e-type=\"widget\" data-widget_type=\"button.default\">\n\t\t\t\t\t\t\t\t\t\t<a class=\"elementor-button elementor-button-link elementor-size-sm elementor-animation-grow\" href=\"https:\/\/www.linkedin.com\/company\/tarraco-empresa-constructora\/\" target=\"_blank\" rel=\"noopener noreferrer nofollow\">\n\t\t\t\t\t\t<span class=\"elementor-button-content-wrapper\">\n\t\t\t\t\t\t\t\t\t<span class=\"elementor-button-text\">T\u2019uneixes a nosaltres?<\/span>\n\t\t\t\t\t<\/span>\n\t\t\t\t\t<\/a>\n\t\t\t\t\t\t\t\t<\/div>\n\t\t\t\t<\/div>\n\t\t\t\t\t<\/div>\n\t\t\t\t<\/div>\n\t\t\t\t<\/div>\n\t\t","protected":false},"excerpt":{"rendered":"<p>El valor de la nostra empresa resideix en les persones que ho fan possible El reconeixement de Tarraco al sector reflecteix el talent i el comprom\u00eds de les persones que formen part de Tarraco. El nostre equip est\u00e0 format per professionals amb una \u00e0mplia experi\u00e8ncia i un fort comprom\u00eds amb els projectes que realitzem. Cada &#8230; <a title=\"Persones\" class=\"read-more\" href=\"https:\/\/tarracoec.com\/ca\/persones\/\" aria-label=\"M\u00e9s informaci\u00f3 sobre Persones\">Llegiu m\u00e9s<\/a><\/p>\n","protected":false},"author":2,"featured_media":0,"parent":0,"menu_order":0,"comment_status":"closed","ping_status":"closed","template":"","meta":{"footnotes":""},"class_list":["post-1382","page","type-page","status-publish"],"_links":{"self":[{"href":"https:\/\/tarracoec.com\/ca\/wp-json\/wp\/v2\/pages\/1382","targetHints":{"allow":["GET"]}}],"collection":[{"href":"https:\/\/tarracoec.com\/ca\/wp-json\/wp\/v2\/pages"}],"about":[{"href":"https:\/\/tarracoec.com\/ca\/wp-json\/wp\/v2\/types\/page"}],"author":[{"embeddable":true,"href":"https:\/\/tarracoec.com\/ca\/wp-json\/wp\/v2\/users\/2"}],"replies":[{"embeddable":true,"href":"https:\/\/tarracoec.com\/ca\/wp-json\/wp\/v2\/comments?post=1382"}],"version-history":[{"count":3,"href":"https:\/\/tarracoec.com\/ca\/wp-json\/wp\/v2\/pages\/1382\/revisions"}],"predecessor-version":[{"id":1640,"href":"https:\/\/tarracoec.com\/ca\/wp-json\/wp\/v2\/pages\/1382\/revisions\/1640"}],"wp:attachment":[{"href":"https:\/\/tarracoec.com\/ca\/wp-json\/wp\/v2\/media?parent=1382"}],"curies":[{"name":"wp","href":"https:\/\/api.w.org\/{rel}","templated":true}]}}