{"id":1384,"date":"2025-09-18T20:31:54","date_gmt":"2025-09-18T18:31:54","guid":{"rendered":"https:\/\/tarracoec.com\/sobre-nosaltres\/"},"modified":"2026-02-02T11:45:18","modified_gmt":"2026-02-02T10:45:18","slug":"sobre-nosaltres","status":"publish","type":"page","link":"https:\/\/tarracoec.com\/ca\/sobre-nosaltres\/","title":{"rendered":"Sobre nosaltres"},"content":{"rendered":"\t\t<div data-elementor-type=\"wp-page\" data-elementor-id=\"1384\" class=\"elementor elementor-1384 elementor-281\" data-elementor-post-type=\"page\">\n\t\t\t\t<div class=\"elementor-element elementor-element-12fbf67 e-flex e-con-boxed elementor-invisible e-con e-parent\" data-id=\"12fbf67\" data-element_type=\"container\" data-e-type=\"container\" data-settings=\"{&quot;jet_parallax_layout_list&quot;:[],&quot;animation&quot;:&quot;slideInUp&quot;,&quot;background_background&quot;:&quot;classic&quot;}\">\n\t\t\t\t\t<div class=\"e-con-inner\">\n\t\t<div class=\"elementor-element elementor-element-42e6a90 e-con-full e-flex e-con e-child\" data-id=\"42e6a90\" data-element_type=\"container\" data-e-type=\"container\" data-settings=\"{&quot;jet_parallax_layout_list&quot;:[]}\">\n\t\t\t\t<div class=\"elementor-element elementor-element-d5438ab elementor-widget elementor-widget-heading\" data-id=\"d5438ab\" data-element_type=\"widget\" data-e-type=\"widget\" data-widget_type=\"heading.default\">\n\t\t\t\t\t<h2 class=\"elementor-heading-title elementor-size-default\">Tarraco s'acosta al seu <\/br><span style=\"color: #FF852E\">50\u00e8 aniversari<\/span> com una empresa s\u00f2lida i reconeguda en el sector<\/h2>\t\t\t\t<\/div>\n\t\t\t\t<\/div>\n\t\t<div class=\"elementor-element elementor-element-9219178 e-con-full e-flex e-con e-child\" data-id=\"9219178\" data-element_type=\"container\" data-e-type=\"container\" data-settings=\"{&quot;jet_parallax_layout_list&quot;:[]}\">\n\t\t\t\t<\/div>\n\t\t\t\t\t<\/div>\n\t\t\t\t<\/div>\n\t\t<div class=\"elementor-element elementor-element-e8f1593 elementor-hidden-tablet elementor-hidden-mobile e-flex e-con-boxed elementor-invisible e-con e-parent\" data-id=\"e8f1593\" data-element_type=\"container\" data-e-type=\"container\" data-settings=\"{&quot;jet_parallax_layout_list&quot;:[],&quot;animation&quot;:&quot;slideInUp&quot;}\">\n\t\t\t\t\t<div class=\"e-con-inner\">\n\t\t<div class=\"elementor-element elementor-element-b220ee4 e-con-full e-flex e-con e-child\" data-id=\"b220ee4\" data-element_type=\"container\" data-e-type=\"container\" data-settings=\"{&quot;jet_parallax_layout_list&quot;:[]}\">\n\t\t\t\t<\/div>\n\t\t<div class=\"elementor-element elementor-element-4805458 e-con-full e-flex e-con e-child\" data-id=\"4805458\" data-element_type=\"container\" data-e-type=\"container\" data-settings=\"{&quot;jet_parallax_layout_list&quot;:[]}\">\n\t\t\t\t<div class=\"elementor-element elementor-element-7fae287 elementor-widget elementor-widget-text-editor\" data-id=\"7fae287\" data-element_type=\"widget\" data-e-type=\"widget\" data-widget_type=\"text-editor.default\">\n\t\t\t\t\t\t\t\t\t<p>Tarraco s&#8217;acosta al seu 50\u00e8 aniversari com una empresa s\u00f2lida i reconeguda en el sector. El nostre \u00e8xit rau en l&#8217;experi\u00e8ncia dels nostres professionals, la confian\u00e7a dels prove\u00efdors i una forta aposta per la innovaci\u00f3 i la millora cont\u00ednua. <\/p><p>El nostre portfoli de projectes executats compr\u00e8n qualsevol tipus d&#8217;edificaci\u00f3, ja sigui residencial, oficines, hotels, industrial o qualsevol tipus d&#8217;equipament.<\/p><p>Implicats en la transformaci\u00f3 del sector de la construcci\u00f3, afrontem el futur amb un fort comprom\u00eds amb els Objectius de Sostenibilitat 2030 i en la innovaci\u00f3 de sistemes constructius industrialitzats i de baixa empremta de carboni.<\/p><p>Amb el relleu generacional consolidat, TARRACO afronta aquesta nova etapa amb l&#8217;objectiu de ser una empresa din\u00e0mica, innovadora, compromesa amb els valors de sostenibilitat, la igualtat d&#8217;oportunitats i la satisfacci\u00f3 dels seus clients.<\/p>\t\t\t\t\t\t\t\t<\/div>\n\t\t\t\t<\/div>\n\t\t\t\t\t<\/div>\n\t\t\t\t<\/div>\n\t\t<div class=\"elementor-element elementor-element-ce915b3 elementor-hidden-desktop elementor-hidden-laptop e-flex e-con-boxed elementor-invisible e-con e-parent\" data-id=\"ce915b3\" data-element_type=\"container\" data-e-type=\"container\" data-settings=\"{&quot;jet_parallax_layout_list&quot;:[],&quot;animation&quot;:&quot;slideInUp&quot;}\">\n\t\t\t\t\t<div class=\"e-con-inner\">\n\t\t<div class=\"elementor-element elementor-element-2017fd9 e-con-full e-flex e-con e-child\" data-id=\"2017fd9\" data-element_type=\"container\" data-e-type=\"container\" data-settings=\"{&quot;jet_parallax_layout_list&quot;:[]}\">\n\t\t\t\t<div class=\"elementor-element elementor-element-991ecf3 elementor-widget elementor-widget-text-editor\" data-id=\"991ecf3\" data-element_type=\"widget\" data-e-type=\"widget\" data-widget_type=\"text-editor.default\">\n\t\t\t\t\t\t\t\t\t<p>Tarraco s&#8217;acosta al seu 50\u00e8 aniversari com una empresa s\u00f2lida i reconeguda en el sector. El nostre \u00e8xit rau en l&#8217;experi\u00e8ncia dels nostres professionals, la confian\u00e7a dels prove\u00efdors i una forta aposta per la innovaci\u00f3 i la millora cont\u00ednua. <\/p><p>El nostre portfoli de projectes executats compr\u00e8n qualsevol tipus d&#8217;edificaci\u00f3, ja sigui residencial, oficines, hotels, industrial o qualsevol tipus d&#8217;equipament.<\/p><p>Implicats en la transformaci\u00f3 del sector de la construcci\u00f3, afrontem el futur amb un fort comprom\u00eds amb els Objectius de Sostenibilitat 2030 i en la innovaci\u00f3 de sistemes constructius industrialitzats i de baixa empremta de carboni.<\/p><p>Amb el relleu generacional consolidat, TARRACO afronta aquesta nova etapa amb l&#8217;objectiu de ser una empresa din\u00e0mica, innovadora, compromesa amb els valors de sostenibilitat, la igualtat d&#8217;oportunitats i la satisfacci\u00f3 dels seus clients.<\/p>\t\t\t\t\t\t\t\t<\/div>\n\t\t\t\t<\/div>\n\t\t\t\t\t<\/div>\n\t\t\t\t<\/div>\n\t\t<div class=\"elementor-element elementor-element-0e84728 elementor-hidden-tablet elementor-hidden-mobile e-flex e-con-boxed e-con e-parent\" data-id=\"0e84728\" data-element_type=\"container\" data-e-type=\"container\" data-settings=\"{&quot;jet_parallax_layout_list&quot;:[]}\">\n\t\t\t\t\t<div class=\"e-con-inner\">\n\t\t<div class=\"elementor-element elementor-element-ccaeadb e-con-full e-flex elementor-invisible e-con e-child\" data-id=\"ccaeadb\" data-element_type=\"container\" data-e-type=\"container\" data-settings=\"{&quot;jet_parallax_layout_list&quot;:[],&quot;animation&quot;:&quot;slideInLeft&quot;}\">\n\t\t\t\t<\/div>\n\t\t<div class=\"elementor-element elementor-element-dedaa83 e-con-full e-flex e-con e-child\" data-id=\"dedaa83\" data-element_type=\"container\" data-e-type=\"container\" data-settings=\"{&quot;jet_parallax_layout_list&quot;:[]}\">\n\t\t\t\t<div class=\"elementor-element elementor-element-259c120 elementor-widget elementor-widget-image\" data-id=\"259c120\" data-element_type=\"widget\" data-e-type=\"widget\" data-widget_type=\"image.default\">\n\t\t\t\t\t\t\t\t\t\t\t\t\t\t\t<img fetchpriority=\"high\" decoding=\"async\" width=\"1358\" height=\"1245\" src=\"https:\/\/tarracoec.com\/wp-content\/uploads\/2026\/02\/Team.jpeg\" class=\"attachment-full size-full wp-image-2913\" alt=\"\" srcset=\"https:\/\/tarracoec.com\/wp-content\/uploads\/2026\/02\/Team.jpeg 1358w, https:\/\/tarracoec.com\/wp-content\/uploads\/2026\/02\/Team-300x275.jpeg 300w, https:\/\/tarracoec.com\/wp-content\/uploads\/2026\/02\/Team-1024x939.jpeg 1024w, https:\/\/tarracoec.com\/wp-content\/uploads\/2026\/02\/Team-768x704.jpeg 768w\" sizes=\"(max-width: 1358px) 100vw, 1358px\" \/>\t\t\t\t\t\t\t\t\t\t\t\t\t\t\t<\/div>\n\t\t\t\t<\/div>\n\t\t\t\t\t<\/div>\n\t\t\t\t<\/div>\n\t\t<div class=\"elementor-element elementor-element-0741799 elementor-hidden-desktop elementor-hidden-laptop elementor-hidden-mobile_extra e-flex e-con-boxed e-con e-parent\" data-id=\"0741799\" data-element_type=\"container\" data-e-type=\"container\" data-settings=\"{&quot;jet_parallax_layout_list&quot;:[]}\">\n\t\t\t\t\t<div class=\"e-con-inner\">\n\t\t<div class=\"elementor-element elementor-element-7c4b626 e-con-full e-flex e-con e-child\" data-id=\"7c4b626\" data-element_type=\"container\" data-e-type=\"container\" data-settings=\"{&quot;jet_parallax_layout_list&quot;:[]}\">\n\t\t\t\t<div class=\"elementor-element elementor-element-c59f8de elementor-widget elementor-widget-image\" data-id=\"c59f8de\" data-element_type=\"widget\" data-e-type=\"widget\" data-widget_type=\"image.default\">\n\t\t\t\t\t\t\t\t\t\t\t\t\t\t\t<img decoding=\"async\" width=\"1600\" height=\"1245\" src=\"https:\/\/tarracoec.com\/wp-content\/uploads\/2025\/12\/bc153c0f-e377-448b-af7b-775254e7b274.jpg\" class=\"attachment-full size-full wp-image-2345\" alt=\"\" srcset=\"https:\/\/tarracoec.com\/wp-content\/uploads\/2025\/12\/bc153c0f-e377-448b-af7b-775254e7b274.jpg 1600w, https:\/\/tarracoec.com\/wp-content\/uploads\/2025\/12\/bc153c0f-e377-448b-af7b-775254e7b274-300x233.jpg 300w, https:\/\/tarracoec.com\/wp-content\/uploads\/2025\/12\/bc153c0f-e377-448b-af7b-775254e7b274-1024x797.jpg 1024w, https:\/\/tarracoec.com\/wp-content\/uploads\/2025\/12\/bc153c0f-e377-448b-af7b-775254e7b274-768x598.jpg 768w, https:\/\/tarracoec.com\/wp-content\/uploads\/2025\/12\/bc153c0f-e377-448b-af7b-775254e7b274-1536x1195.jpg 1536w\" sizes=\"(max-width: 1600px) 100vw, 1600px\" \/>\t\t\t\t\t\t\t\t\t\t\t\t\t\t\t<\/div>\n\t\t\t\t<\/div>\n\t\t\t\t\t<\/div>\n\t\t\t\t<\/div>\n\t\t<div class=\"elementor-element elementor-element-bd2bb1a animated-slow elementor-hidden-tablet elementor-hidden-mobile e-flex e-con-boxed elementor-invisible e-con e-parent\" data-id=\"bd2bb1a\" data-element_type=\"container\" data-e-type=\"container\" data-settings=\"{&quot;jet_parallax_layout_list&quot;:[],&quot;animation&quot;:&quot;slideInUp&quot;,&quot;animation_delay&quot;:1}\">\n\t\t\t\t\t<div class=\"e-con-inner\">\n\t\t<div class=\"elementor-element elementor-element-c8574d7 e-con-full e-flex elementor-invisible e-con e-child\" data-id=\"c8574d7\" data-element_type=\"container\" data-e-type=\"container\" data-settings=\"{&quot;jet_parallax_layout_list&quot;:[],&quot;animation&quot;:&quot;slideInLeft&quot;}\">\n\t\t\t\t<\/div>\n\t\t<div class=\"elementor-element elementor-element-98b6a4a e-con-full e-flex e-con e-child\" data-id=\"98b6a4a\" data-element_type=\"container\" data-e-type=\"container\" data-settings=\"{&quot;jet_parallax_layout_list&quot;:[]}\">\n\t\t\t\t<div class=\"elementor-element elementor-element-187dd84 elementor-widget elementor-widget-text-editor\" data-id=\"187dd84\" data-element_type=\"widget\" data-e-type=\"widget\" data-widget_type=\"text-editor.default\">\n\t\t\t\t\t\t\t\t\t<p>L&#8217;equip de gesti\u00f3 de TARRACO t\u00e9 una dilatada experi\u00e8ncia professional i una gran capacitat per afrontar nous reptes.<\/p>\t\t\t\t\t\t\t\t<\/div>\n\t\t\t\t<div class=\"elementor-element elementor-element-dfb7d15 elementor-widget elementor-widget-text-editor\" data-id=\"dfb7d15\" data-element_type=\"widget\" data-e-type=\"widget\" data-widget_type=\"text-editor.default\">\n\t\t\t\t\t\t\t\t\t<p>Experi\u00e8ncia, dinamisme, esperit innovador, responsabilitat social i comprom\u00eds s\u00f3n qualitats que defineixen l&#8217;equip.<\/p>\t\t\t\t\t\t\t\t<\/div>\n\t\t\t\t<\/div>\n\t\t\t\t\t<\/div>\n\t\t\t\t<\/div>\n\t\t<div class=\"elementor-element elementor-element-494bda7 animated-slow elementor-hidden-desktop elementor-hidden-laptop e-flex e-con-boxed elementor-invisible e-con e-parent\" data-id=\"494bda7\" data-element_type=\"container\" data-e-type=\"container\" data-settings=\"{&quot;jet_parallax_layout_list&quot;:[],&quot;animation&quot;:&quot;slideInUp&quot;,&quot;animation_delay&quot;:1}\">\n\t\t\t\t\t<div class=\"e-con-inner\">\n\t\t<div class=\"elementor-element elementor-element-2f788a8 e-con-full e-flex e-con e-child\" data-id=\"2f788a8\" data-element_type=\"container\" data-e-type=\"container\" data-settings=\"{&quot;jet_parallax_layout_list&quot;:[]}\">\n\t\t\t\t<div class=\"elementor-element elementor-element-9743cf3 elementor-widget elementor-widget-text-editor\" data-id=\"9743cf3\" data-element_type=\"widget\" data-e-type=\"widget\" data-widget_type=\"text-editor.default\">\n\t\t\t\t\t\t\t\t\t<p>L&#8217;equip de gesti\u00f3 de TARRACO t\u00e9 una dilatada experi\u00e8ncia professional i una gran capacitat per afrontar nous reptes.<\/p>\t\t\t\t\t\t\t\t<\/div>\n\t\t\t\t<div class=\"elementor-element elementor-element-2831e72 elementor-widget elementor-widget-text-editor\" data-id=\"2831e72\" data-element_type=\"widget\" data-e-type=\"widget\" data-widget_type=\"text-editor.default\">\n\t\t\t\t\t\t\t\t\t<p>Experi\u00e8ncia, dinamisme, esperit innovador, responsabilitat social i comprom\u00eds s\u00f3n qualitats que defineixen l&#8217;equip.<\/p>\t\t\t\t\t\t\t\t<\/div>\n\t\t\t\t<\/div>\n\t\t\t\t\t<\/div>\n\t\t\t\t<\/div>\n\t\t\t\t<\/div>\n\t\t","protected":false},"excerpt":{"rendered":"<p>Tarraco s&#8217;acosta al seu 50\u00e8 aniversari com una empresa s\u00f2lida i reconeguda en el sector Tarraco s&#8217;acosta al seu 50\u00e8 aniversari com una empresa s\u00f2lida i reconeguda en el sector. El nostre \u00e8xit rau en l&#8217;experi\u00e8ncia dels nostres professionals, la confian\u00e7a dels prove\u00efdors i una forta aposta per la innovaci\u00f3 i la millora cont\u00ednua. El &#8230; <a title=\"Sobre nosaltres\" class=\"read-more\" href=\"https:\/\/tarracoec.com\/ca\/sobre-nosaltres\/\" aria-label=\"M\u00e9s informaci\u00f3 sobre Sobre nosaltres\">Llegiu m\u00e9s<\/a><\/p>\n","protected":false},"author":2,"featured_media":0,"parent":0,"menu_order":0,"comment_status":"closed","ping_status":"closed","template":"","meta":{"footnotes":""},"class_list":["post-1384","page","type-page","status-publish"],"_links":{"self":[{"href":"https:\/\/tarracoec.com\/ca\/wp-json\/wp\/v2\/pages\/1384","targetHints":{"allow":["GET"]}}],"collection":[{"href":"https:\/\/tarracoec.com\/ca\/wp-json\/wp\/v2\/pages"}],"about":[{"href":"https:\/\/tarracoec.com\/ca\/wp-json\/wp\/v2\/types\/page"}],"author":[{"embeddable":true,"href":"https:\/\/tarracoec.com\/ca\/wp-json\/wp\/v2\/users\/2"}],"replies":[{"embeddable":true,"href":"https:\/\/tarracoec.com\/ca\/wp-json\/wp\/v2\/comments?post=1384"}],"version-history":[{"count":10,"href":"https:\/\/tarracoec.com\/ca\/wp-json\/wp\/v2\/pages\/1384\/revisions"}],"predecessor-version":[{"id":2914,"href":"https:\/\/tarracoec.com\/ca\/wp-json\/wp\/v2\/pages\/1384\/revisions\/2914"}],"wp:attachment":[{"href":"https:\/\/tarracoec.com\/ca\/wp-json\/wp\/v2\/media?parent=1384"}],"curies":[{"name":"wp","href":"https:\/\/api.w.org\/{rel}","templated":true}]}}