{"id":1483,"date":"2025-09-09T21:06:49","date_gmt":"2025-09-09T19:06:49","guid":{"rendered":"https:\/\/tarracoec.com\/politica-de-privacidad\/"},"modified":"2025-11-20T15:56:18","modified_gmt":"2025-11-20T14:56:18","slug":"politica-de-privacidad","status":"publish","type":"page","link":"https:\/\/tarracoec.com\/en\/politica-de-privacidad\/","title":{"rendered":"Pol\u00edtica de privacidad"},"content":{"rendered":"\t\t<div data-elementor-type=\"wp-page\" data-elementor-id=\"1483\" class=\"elementor elementor-1483 elementor-3\" data-elementor-post-type=\"page\">\n\t\t\t\t<div class=\"elementor-element elementor-element-5d00b73f e-flex e-con-boxed e-con e-parent\" data-id=\"5d00b73f\" data-element_type=\"container\" data-e-type=\"container\" data-settings=\"{&quot;jet_parallax_layout_list&quot;:[]}\">\n\t\t\t\t\t<div class=\"e-con-inner\">\n\t\t\t\t<div class=\"elementor-element elementor-element-5a5fde11 elementor-widget elementor-widget-text-editor\" data-id=\"5a5fde11\" data-element_type=\"widget\" data-e-type=\"widget\" data-widget_type=\"text-editor.default\">\n\t\t\t\t\t\t\t\t\t<h3><strong>PRIVACY POLICY<\/strong><\/h3><p><b>1. INFORMACI\u00d3N AL USUARIO<\/b><\/p><p><b>\u00bfQui\u00e9n es el responsable del tratamiento de tus datos personales?<br><\/b>TARRACO EMPRESA CONSTRUCTORA, S.L. es el RESPONSABLE del tratamiento de los datos personales del USUARIO y le informa de que estos datos ser\u00e1n tratados de conformidad con lo dispuesto en el Reglamento (UE) 2016\/679, de 27 de abril (RGPD), y la Ley Org\u00e1nica 3\/2018, de 5 de diciembre (LOPDGDD).<\/p><p><b>\u00bfPara qu\u00e9 tratamos tus datos personales y por qu\u00e9 lo hacemos?<br><\/b>Seg\u00fan el formulario donde hayamos obtenido sus datos personales, los trataremos de manera confidencial para alcanzar los siguientes fines:<br>En el formulario <strong>Contacto<\/strong><\/p><ul><li>Dar respuesta a las consultas o cualquier tipo de petici\u00f3n que sea realizada por el usuario a trav\u00e9s de cualquiera de las formas de contacto que se ponen a su disposici\u00f3n en la p\u00e1gina web del responsable.<br>(por el inter\u00e9s leg\u00edtimo del responsable, art. 6.1.f GDPR)<\/li><li><span style=\"font-size: inherit;\">Realizar an\u00e1lisis estad\u00edsticos y estudios de mercado.<br><\/span>(por el inter\u00e9s leg\u00edtimo del responsable, art. 6.1.f GDPR)<\/li><\/ul><p>En el formulario <strong>Curr\u00edculum<\/strong><\/p><ul><li>Hacer part\u00edcipe al interesado en los procesos de selecci\u00f3n de personal y analizar el perfil del solicitante con el objetivo de seleccionar un candidato para el puesto vacante del responsable.<br>(por el consentimiento del interesado, 6.1.a GDPR)<\/li><li>En el formulario <strong>Canal \u00e9tico o de denuncias<\/strong><\/li><li>Gestionar adecuadamente el canal \u00e9tico, tramitando las correspondientes irregularidades notificadas a trav\u00e9s del mismo, y decidiendo sobre la procedencia de iniciar una investigaci\u00f3n, al objeto de detectar posibles delitos y prevenir la imposici\u00f3n de cualquier tipo de responsabilidad, as\u00ed como para evitar cualquier tipo de conducta contraria a la normativa interna o externa de la entidad.<br>(para el cumplimiento de una obligaci\u00f3n legal, 6.1.c GDPR)<\/li><\/ul><p><strong>\u00bfDurante cu\u00e1nto tiempo guardaremos tus datos personales?<\/strong><br>Se conservar\u00e1n durante no m\u00e1s tiempo del necesario para mantener el fin del tratamiento o existan prescripciones legales que dictaminen su custodia y cuando ya no sea necesario para ello, se suprimir\u00e1n con medidas de seguridad adecuadas para garantizar la anonimizaci\u00f3n de los datos o la destrucci\u00f3n total de los mismos.<\/p><p><strong>\u00bfA qui\u00e9n facilitamos tus datos personales?<\/strong><br>No est\u00e1 prevista ninguna comunicaci\u00f3n de datos personales a terceros salvo, si fuese necesario para el desarrollo y ejecuci\u00f3n de las finalidades del tratamiento, a nuestros proveedores de servicios relacionados con comunicaciones, con los cuales el RESPONSABLE tiene suscritos los contratos de confidencialidad y de encargado de tratamiento exigidos por la normativa vigente de privacidad.<\/p><p><strong>\u00bfCu\u00e1les son tus derechos?<br><\/strong>Los derechos que asisten al USUARIO son:<\/p><ul><li>Derecho a retirar el consentimiento en cualquier momento.<\/li><li>Derecho de acceso, rectificaci\u00f3n, portabilidad y supresi\u00f3n de sus datos, y de limitaci\u00f3n u oposici\u00f3n a su tratamiento.<\/li><li>Derecho a presentar una reclamaci\u00f3n ante la autoridad de control (www.aepd.es) si considera que el tratamiento no se ajusta a la normativa vigente.<\/li><\/ul><p><strong>Datos de contacto para ejercer sus derechos:<\/strong><br>TARRACO EMPRESA CONSTRUCTORA, S.L.. C. Amposta, 14-18 &#8211; 08174 SANT CUGAT DEL VALLES<br>(Barcelona). E-mail: <span style=\"color: #3366ff;\">administracion@tarracoec.com<\/span>  <\/p><p><strong>2. CAR\u00c1CTER OBLIGATORIO O FACULTATIVO DE LA INFORMACI\u00d3N FACILITADA <\/strong><strong>POR EL USUARIO<\/strong><br>Los USUARIOS, mediante la marcaci\u00f3n de las casillas correspondientes y la entrada de datos en los campos, marcados con un asterisco (*) en el formulario de contacto o presentados en formularios de descarga, aceptan expresamente y de forma libre e inequ\u00edvoca, que sus datos son necesarios para atender su petici\u00f3n, por parte del prestador, siendo voluntaria la inclusi\u00f3n de datos en los campos restantes. El USUARIO garantiza que los datos personales facilitados al RESPONSABLE son veraces y se hace responsable de comunicar cualquier modificaci\u00f3n de los mismos.<br>El RESPONSABLE informa de que todos los datos solicitados a trav\u00e9s del sitio web son obligatorios, ya que son necesarios para la prestaci\u00f3n de un servicio \u00f3ptimo al USUARIO. En caso de que no se faciliten todos los datos, no se garantiza que la informaci\u00f3n y servicios facilitados sean completamente ajustados a sus necesidades.  <\/p><p><strong>3. MEDIDAS DE SEGURIDAD<\/strong><br>Que de conformidad con lo dispuesto en las normativas vigentes en protecci\u00f3n de datos personales, el RESPONSABLE est\u00e1 cumpliendo con todas las disposiciones de las normativas RGPD y LOPDGDD para el tratamiento de los datos personales de su responsabilidad, y manifiestamente con los principios descritos en el art\u00edculo 5 del RGPD, por los cuales son tratados de manera l\u00edcita, leal y transparente en relaci\u00f3n con el interesado y adecuados, pertinentes y limitados a lo necesario en relaci\u00f3n con los fines para los que son tratados.<\/p><p>El RESPONSABLE garantiza que ha implementado pol\u00edticas t\u00e9cnicas y organizativas apropiadas para aplicar las medidas de seguridad que establecen el RGPD y la LOPDGDD con el fin de proteger los derechos y libertades de los USUARIOS y les ha comunicado la informaci\u00f3n adecuada para que puedan ejercerlos.<\/p><p>Para m\u00e1s informaci\u00f3n sobre las garant\u00edas de privacidad, puedes dirigirte al RESPONSABLE a trav\u00e9s de TARRACO EMPRESA CONSTRUCTORA, S.L.. C. Amposta, 14-18 &#8211; 08174 SANT CUGAT DEL VALLES (Barcelona). E-mail: <span style=\"color: #3366ff;\"><a style=\"color: #3366ff;\" href=\"mailto:administracion@tarracoec.com\">administracion@tarracoec.com<\/a><\/span>  <\/p>\t\t\t\t\t\t\t\t<\/div>\n\t\t\t\t\t<\/div>\n\t\t\t\t<\/div>\n\t\t\t\t<\/div>\n\t\t","protected":false},"excerpt":{"rendered":"<p>PRIVACY POLICY 1. INFORMACI\u00d3N AL USUARIO \u00bfQui\u00e9n es el responsable del tratamiento de tus datos personales?TARRACO EMPRESA CONSTRUCTORA, S.L. es el RESPONSABLE del tratamiento de los datos personales del USUARIO y le informa de que estos datos ser\u00e1n tratados de conformidad con lo dispuesto en el Reglamento (UE) 2016\/679, de 27 de abril (RGPD), y &#8230; <a title=\"Pol\u00edtica de privacidad\" class=\"read-more\" href=\"https:\/\/tarracoec.com\/en\/politica-de-privacidad\/\" aria-label=\"Read more about Pol\u00edtica de privacidad\">Read more<\/a><\/p>\n","protected":false},"author":2,"featured_media":0,"parent":0,"menu_order":0,"comment_status":"closed","ping_status":"closed","template":"elementor_header_footer","meta":{"footnotes":""},"class_list":["post-1483","page","type-page","status-publish"],"_links":{"self":[{"href":"https:\/\/tarracoec.com\/en\/wp-json\/wp\/v2\/pages\/1483","targetHints":{"allow":["GET"]}}],"collection":[{"href":"https:\/\/tarracoec.com\/en\/wp-json\/wp\/v2\/pages"}],"about":[{"href":"https:\/\/tarracoec.com\/en\/wp-json\/wp\/v2\/types\/page"}],"author":[{"embeddable":true,"href":"https:\/\/tarracoec.com\/en\/wp-json\/wp\/v2\/users\/2"}],"replies":[{"embeddable":true,"href":"https:\/\/tarracoec.com\/en\/wp-json\/wp\/v2\/comments?post=1483"}],"version-history":[{"count":2,"href":"https:\/\/tarracoec.com\/en\/wp-json\/wp\/v2\/pages\/1483\/revisions"}],"predecessor-version":[{"id":2234,"href":"https:\/\/tarracoec.com\/en\/wp-json\/wp\/v2\/pages\/1483\/revisions\/2234"}],"wp:attachment":[{"href":"https:\/\/tarracoec.com\/en\/wp-json\/wp\/v2\/media?parent=1483"}],"curies":[{"name":"wp","href":"https:\/\/api.w.org\/{rel}","templated":true}]}}